{"id":678,"date":"2018-02-02T11:46:26","date_gmt":"2018-02-02T11:46:26","guid":{"rendered":"http:\/\/www.fundacaomillenniumbcp.pt\/historia\/"},"modified":"2025-07-02T10:33:14","modified_gmt":"2025-07-02T10:33:14","slug":"historia","status":"publish","type":"page","link":"https:\/\/fundacaomillenniumbcp.pt\/en\/a-fundacao\/historia\/","title":{"rendered":"History"},"content":{"rendered":"","protected":false},"excerpt":{"rendered":"<h1>MILLENNIUM BCP FOUNDATION<\/h1>\n<div class='inline'>\n<p><strong><\/br>30 YEARS OF COMMITMENT TO SOCIETY<\/strong><\/p>\n<\/div>\n<p><\/br><br \/>\nCreated by Banco Comercial Portugu\u00eas, Funda\u00e7\u00e3o Millennium bcp (Millennium bcp Foundation) was born as an expression of the Bank&#8217;s social commitment to the development of the communities in which it operates.<\/p>\n<p>The Bank&#8217;s growing intervention in various areas of social and cultural life, together with the increase in requests received, made it clear that there was a need for a specialised, autonomous structure with its own resources, capable of planning and executing a sustained social intervention strategy. It was in this context that the Foundation was created, endowed with administrative autonomy and financial capacity to promote a programme of activities aligned with socially responsible action.<\/p>\n<p>Recognised as an institution of public utility by order of the Prime Minister in 1994, a status that was reconfirmed in 2019, the Millennium bcp Foundation has, over the course of three decades, developed a consistent and diversified action, with an impact on multiple areas of Portuguese society.<\/p>\n","protected":false},"author":1,"featured_media":3023,"parent":897,"menu_order":0,"comment_status":"closed","ping_status":"closed","template":"template-historia.php","meta":{"footnotes":""},"class_list":["post-678","page","type-page","status-publish","has-post-thumbnail","hentry"],"_links":{"self":[{"href":"https:\/\/fundacaomillenniumbcp.pt\/en\/wp-json\/wp\/v2\/pages\/678","targetHints":{"allow":["GET"]}}],"collection":[{"href":"https:\/\/fundacaomillenniumbcp.pt\/en\/wp-json\/wp\/v2\/pages"}],"about":[{"href":"https:\/\/fundacaomillenniumbcp.pt\/en\/wp-json\/wp\/v2\/types\/page"}],"author":[{"embeddable":true,"href":"https:\/\/fundacaomillenniumbcp.pt\/en\/wp-json\/wp\/v2\/users\/1"}],"replies":[{"embeddable":true,"href":"https:\/\/fundacaomillenniumbcp.pt\/en\/wp-json\/wp\/v2\/comments?post=678"}],"version-history":[{"count":19,"href":"https:\/\/fundacaomillenniumbcp.pt\/en\/wp-json\/wp\/v2\/pages\/678\/revisions"}],"predecessor-version":[{"id":6862,"href":"https:\/\/fundacaomillenniumbcp.pt\/en\/wp-json\/wp\/v2\/pages\/678\/revisions\/6862"}],"up":[{"embeddable":true,"href":"https:\/\/fundacaomillenniumbcp.pt\/en\/wp-json\/wp\/v2\/pages\/897"}],"wp:featuredmedia":[{"embeddable":true,"href":"https:\/\/fundacaomillenniumbcp.pt\/en\/wp-json\/wp\/v2\/media\/3023"}],"wp:attachment":[{"href":"https:\/\/fundacaomillenniumbcp.pt\/en\/wp-json\/wp\/v2\/media?parent=678"}],"curies":[{"name":"wp","href":"https:\/\/api.w.org\/{rel}","templated":true}]}}